{"id":21813,"date":"2026-03-14T00:20:53","date_gmt":"2026-03-13T16:20:53","guid":{"rendered":"https:\/\/www.top3niche.com\/?page_id=21813"},"modified":"2026-03-23T22:30:34","modified_gmt":"2026-03-23T14:30:34","slug":"blog","status":"publish","type":"page","link":"https:\/\/www.top3niche.com\/fr\/blog\/","title":{"rendered":"Blog"},"content":{"rendered":"<div data-elementor-type=\"wp-page\" data-elementor-id=\"21813\" class=\"elementor elementor-21813\" data-elementor-post-type=\"page\">\n\t\t\t\t<div class=\"elementor-element elementor-element-31ad2ad e-flex e-con-boxed e-con e-parent\" data-id=\"31ad2ad\" data-element_type=\"container\" data-e-type=\"container\">\n\t\t\t\t\t<div class=\"e-con-inner\">\n\t\t\t\t<div class=\"elementor-element elementor-element-df41659 elementor-widget elementor-widget-html\" data-id=\"df41659\" data-element_type=\"widget\" data-e-type=\"widget\" data-settings=\"{&quot;ekit_we_effect_on&quot;:&quot;none&quot;}\" data-widget_type=\"html.default\">\n\t\t\t\t\t<div class=\"sierra-blog-hero\">\r\n  <h1 class=\"blog-hero-title\">\u884c\u4e1a\u6d1e\u5bdf\u4e0e <span class=\"blog-highlight\">\u5b9e\u6218\u6307\u5357<\/span><\/h1>\r\n  <p class=\"blog-hero-subtitle\">\u5206\u4eab\u6211\u4eec\u5728 B2B \u7ec6\u5206\u9886\u57df\u3001\u5185\u5bb9\u8425\u9500\u548c\u51fa\u6d77\u589e\u957f\u7684\u524d\u6cbf\u601d\u8003\u3002<\/p>\r\n<\/div>\r\n\r\n<style>\r\n  .sierra-blog-hero {\r\n    font-family: var(--e-global-typography-text-font-family), sans-serif;\r\n    text-align: center;\r\n    padding: 100px 20px 60px 20px;\r\n    background-color: #f9f9fc; \/* \u6781\u6de1\u7684\u9ad8\u7ea7\u7070\u5e95\u8272 *\/\r\n    border-bottom: 1px solid #eeeeee;\r\n    margin-bottom: 60px;\r\n  }\r\n  .blog-hero-title {\r\n    font-family: var(--e-global-typography-primary-font-family), sans-serif;\r\n    font-size: 48px;\r\n    font-weight: 900;\r\n    color: var(--e-global-color-text);\r\n    margin: 0 0 20px 0;\r\n  }\r\n  .blog-highlight {\r\n    color: var(--e-global-color-primary, #30E87A);\r\n    position: relative;\r\n  }\r\n  .blog-highlight::after {\r\n    content: ''; position: absolute; bottom: 4px; left: 0; width: 100%; height: 12px;\r\n    background-color: rgba(48, 232, 122, 0.25); z-index: -1;\r\n  }\r\n  .blog-hero-subtitle {\r\n    font-size: 20px;\r\n    color: var(--color-text, #666666);\r\n    max-width: 600px;\r\n    margin: 0 auto;\r\n  }\r\n  @media (max-width: 768px) {\r\n    .sierra-blog-hero { padding: 60px 20px 40px 20px; }\r\n    .blog-hero-title { font-size: 36px; }\r\n    .blog-hero-subtitle { font-size: 16px; }\r\n  }\r\n<\/style>\t\t\t\t<\/div>\n\t\t\t\t<div class=\"elementor-element elementor-element-1218c6f elementor-grid-3 elementor-grid-tablet-2 elementor-grid-mobile-1 elementor-posts--thumbnail-top elementor-widget elementor-widget-posts\" data-id=\"1218c6f\" data-element_type=\"widget\" data-e-type=\"widget\" data-settings=\"{&quot;classic_columns&quot;:&quot;3&quot;,&quot;classic_columns_tablet&quot;:&quot;2&quot;,&quot;classic_columns_mobile&quot;:&quot;1&quot;,&quot;classic_row_gap&quot;:{&quot;unit&quot;:&quot;px&quot;,&quot;size&quot;:35,&quot;sizes&quot;:[]},&quot;classic_row_gap_tablet&quot;:{&quot;unit&quot;:&quot;px&quot;,&quot;size&quot;:&quot;&quot;,&quot;sizes&quot;:[]},&quot;classic_row_gap_mobile&quot;:{&quot;unit&quot;:&quot;px&quot;,&quot;size&quot;:&quot;&quot;,&quot;sizes&quot;:[]},&quot;ekit_we_effect_on&quot;:&quot;none&quot;}\" data-widget_type=\"posts.classic\">\n\t\t\t\t<div class=\"elementor-widget-container\">\n\t\t\t\t\t\t\t<div class=\"elementor-posts-container elementor-posts elementor-posts--skin-classic elementor-grid\" role=\"list\">\n\t\t\t\t<article class=\"elementor-post elementor-grid-item post-22115 post type-post status-publish format-standard has-post-thumbnail hentry category-growth-strategies\" role=\"listitem\">\n\t\t\t\t<a class=\"elementor-post__thumbnail__link\" href=\"https:\/\/www.top3niche.com\/fr\/site-web-independant-b2b-taux-de-conversion-des-prospects\/\" tabindex=\"-1\" >\n\t\t\t<div class=\"elementor-post__thumbnail\"><img decoding=\"async\" width=\"300\" height=\"164\" src=\"https:\/\/www.top3niche.com\/wp-content\/uploads\/2026\/03\/b2b-vanity-traffic-vs-lead-conversion-1-300x164.png\" class=\"attachment-medium size-medium wp-image-22116\" alt=\"\" srcset=\"https:\/\/www.top3niche.com\/wp-content\/uploads\/2026\/03\/b2b-vanity-traffic-vs-lead-conversion-1-300x164.png 300w, https:\/\/www.top3niche.com\/wp-content\/uploads\/2026\/03\/b2b-vanity-traffic-vs-lead-conversion-1-768x419.png 768w, https:\/\/www.top3niche.com\/wp-content\/uploads\/2026\/03\/b2b-vanity-traffic-vs-lead-conversion-1-710x388.png 710w, https:\/\/www.top3niche.com\/wp-content\/uploads\/2026\/03\/b2b-vanity-traffic-vs-lead-conversion-1.png 1024w\" sizes=\"(max-width: 300px) 100vw, 300px\" \/><\/div>\n\t\t<\/a>\n\t\t\t\t<div class=\"elementor-post__text\">\n\t\t\t\t<h3 class=\"elementor-post__title\">\n\t\t\t<a href=\"https:\/\/www.top3niche.com\/fr\/site-web-independant-b2b-taux-de-conversion-des-prospects\/\" >\n\t\t\t\tTrafic \u00e9lev\u00e9, pas de prospects ? La v\u00e9rit\u00e9 sur le taux de conversion B2B\t\t\t<\/a>\n\t\t<\/h3>\n\t\t\n\t\t<a class=\"elementor-post__read-more\" href=\"https:\/\/www.top3niche.com\/fr\/site-web-independant-b2b-taux-de-conversion-des-prospects\/\" aria-label=\"Read more about High Traffic, Zero Leads? The B2B Conversion Rate Truth\" tabindex=\"-1\" >\n\t\t\tLire plus \u00bb\t\t<\/a>\n\n\t\t\t\t<\/div>\n\t\t\t\t<\/article>\n\t\t\t\t<article class=\"elementor-post elementor-grid-item post-22111 post type-post status-publish format-standard has-post-thumbnail hentry category-marketing-comparisons\" role=\"listitem\">\n\t\t\t\t<a class=\"elementor-post__thumbnail__link\" href=\"https:\/\/www.top3niche.com\/fr\/b2b-export-site-web-independant-erreurs-fatales\/\" tabindex=\"-1\" >\n\t\t\t<div class=\"elementor-post__thumbnail\"><img decoding=\"async\" width=\"300\" height=\"164\" src=\"https:\/\/www.top3niche.com\/wp-content\/uploads\/2026\/03\/b2b-export-website-marketing-mistakes-1-300x164.png\" class=\"attachment-medium size-medium wp-image-22112\" alt=\"\" srcset=\"https:\/\/www.top3niche.com\/wp-content\/uploads\/2026\/03\/b2b-export-website-marketing-mistakes-1-300x164.png 300w, https:\/\/www.top3niche.com\/wp-content\/uploads\/2026\/03\/b2b-export-website-marketing-mistakes-1-768x419.png 768w, https:\/\/www.top3niche.com\/wp-content\/uploads\/2026\/03\/b2b-export-website-marketing-mistakes-1-710x388.png 710w, https:\/\/www.top3niche.com\/wp-content\/uploads\/2026\/03\/b2b-export-website-marketing-mistakes-1.png 1024w\" sizes=\"(max-width: 300px) 100vw, 300px\" \/><\/div>\n\t\t<\/a>\n\t\t\t\t<div class=\"elementor-post__text\">\n\t\t\t\t<h3 class=\"elementor-post__title\">\n\t\t\t<a href=\"https:\/\/www.top3niche.com\/fr\/b2b-export-site-web-independant-erreurs-fatales\/\" >\n\t\t\t\t5 erreurs fatales sur les sites web B2B qui vous co\u00fbtent des ventes \u00e0 l'\u00e9tranger\t\t\t<\/a>\n\t\t<\/h3>\n\t\t\n\t\t<a class=\"elementor-post__read-more\" href=\"https:\/\/www.top3niche.com\/fr\/b2b-export-site-web-independant-erreurs-fatales\/\" aria-label=\"Read more about 5 Fatal B2B Website Mistakes Costing You Overseas Sales\" tabindex=\"-1\" >\n\t\t\tLire plus \u00bb\t\t<\/a>\n\n\t\t\t\t<\/div>\n\t\t\t\t<\/article>\n\t\t\t\t<article class=\"elementor-post elementor-grid-item post-22107 post type-post status-publish format-standard has-post-thumbnail hentry category-industry-solutions\" role=\"listitem\">\n\t\t\t\t<a class=\"elementor-post__thumbnail__link\" href=\"https:\/\/www.top3niche.com\/fr\/b2b-services-professionnels-export-generation-de-leads\/\" tabindex=\"-1\" >\n\t\t\t<div class=\"elementor-post__thumbnail\"><img decoding=\"async\" width=\"300\" height=\"164\" src=\"https:\/\/www.top3niche.com\/wp-content\/uploads\/2026\/03\/professional-services-export-trust-barrier-1-300x164.png\" class=\"attachment-medium size-medium wp-image-22108\" alt=\"\" srcset=\"https:\/\/www.top3niche.com\/wp-content\/uploads\/2026\/03\/professional-services-export-trust-barrier-1-300x164.png 300w, https:\/\/www.top3niche.com\/wp-content\/uploads\/2026\/03\/professional-services-export-trust-barrier-1-768x419.png 768w, https:\/\/www.top3niche.com\/wp-content\/uploads\/2026\/03\/professional-services-export-trust-barrier-1-710x388.png 710w, https:\/\/www.top3niche.com\/wp-content\/uploads\/2026\/03\/professional-services-export-trust-barrier-1.png 1024w\" sizes=\"(max-width: 300px) 100vw, 300px\" \/><\/div>\n\t\t<\/a>\n\t\t\t\t<div class=\"elementor-post__text\">\n\t\t\t\t<h3 class=\"elementor-post__title\">\n\t\t\t<a href=\"https:\/\/www.top3niche.com\/fr\/b2b-services-professionnels-export-generation-de-leads\/\" >\n\t\t\t\tComment les services professionnels obtiennent-ils des clients mondiaux \u00e0 forte valeur ajout\u00e9e ?\t\t\t<\/a>\n\t\t<\/h3>\n\t\t\n\t\t<a class=\"elementor-post__read-more\" href=\"https:\/\/www.top3niche.com\/fr\/b2b-services-professionnels-export-generation-de-leads\/\" aria-label=\"Read more about How Professional Services Win High-Ticket Global Clients\" tabindex=\"-1\" >\n\t\t\tLire plus \u00bb\t\t<\/a>\n\n\t\t\t\t<\/div>\n\t\t\t\t<\/article>\n\t\t\t\t<article class=\"elementor-post elementor-grid-item post-22103 post type-post status-publish format-standard has-post-thumbnail hentry category-case-studies\" role=\"listitem\">\n\t\t\t\t<a class=\"elementor-post__thumbnail__link\" href=\"https:\/\/www.top3niche.com\/fr\/etude-de-cas-de-reussite-dexportation-de-logiciels-saas-b2b\/\" tabindex=\"-1\" >\n\t\t\t<div class=\"elementor-post__thumbnail\"><img loading=\"lazy\" decoding=\"async\" width=\"300\" height=\"164\" src=\"https:\/\/www.top3niche.com\/wp-content\/uploads\/2026\/03\/b2b-saas-ad-spend-vs-content-growth-1-300x164.png\" class=\"attachment-medium size-medium wp-image-22104\" alt=\"\" srcset=\"https:\/\/www.top3niche.com\/wp-content\/uploads\/2026\/03\/b2b-saas-ad-spend-vs-content-growth-1-300x164.png 300w, https:\/\/www.top3niche.com\/wp-content\/uploads\/2026\/03\/b2b-saas-ad-spend-vs-content-growth-1-768x419.png 768w, https:\/\/www.top3niche.com\/wp-content\/uploads\/2026\/03\/b2b-saas-ad-spend-vs-content-growth-1-710x388.png 710w, https:\/\/www.top3niche.com\/wp-content\/uploads\/2026\/03\/b2b-saas-ad-spend-vs-content-growth-1.png 1024w\" sizes=\"(max-width: 300px) 100vw, 300px\" \/><\/div>\n\t\t<\/a>\n\t\t\t\t<div class=\"elementor-post__text\">\n\t\t\t\t<h3 class=\"elementor-post__title\">\n\t\t\t<a href=\"https:\/\/www.top3niche.com\/fr\/etude-de-cas-de-reussite-dexportation-de-logiciels-saas-b2b\/\" >\n\t\t\t\tExpansion mondiale de B2B SaaS : De z\u00e9ro \u00e0 plus de 200 prospects de haute qualit\u00e9 en 6 mois\t\t\t<\/a>\n\t\t<\/h3>\n\t\t\n\t\t<a class=\"elementor-post__read-more\" href=\"https:\/\/www.top3niche.com\/fr\/etude-de-cas-de-reussite-dexportation-de-logiciels-saas-b2b\/\" aria-label=\"Read more about B2B SaaS Global Expansion: From Zero to 200+ High-Quality Leads in 6 Months\" tabindex=\"-1\" >\n\t\t\tLire plus \u00bb\t\t<\/a>\n\n\t\t\t\t<\/div>\n\t\t\t\t<\/article>\n\t\t\t\t<article class=\"elementor-post elementor-grid-item post-22098 post type-post status-publish format-standard has-post-thumbnail hentry category-case-studies\" role=\"listitem\">\n\t\t\t\t<a class=\"elementor-post__thumbnail__link\" href=\"https:\/\/www.top3niche.com\/fr\/etude-de-cas-sur-la-reussite-de-lexportation-de-produits-manufactures-dans-le-cadre-du-b2b\/\" tabindex=\"-1\" >\n\t\t\t<div class=\"elementor-post__thumbnail\"><img loading=\"lazy\" decoding=\"async\" width=\"300\" height=\"164\" src=\"https:\/\/www.top3niche.com\/wp-content\/uploads\/2026\/03\/b2b-export-lead-generation-growth-case-1-300x164.png\" class=\"attachment-medium size-medium wp-image-22100\" alt=\"\" srcset=\"https:\/\/www.top3niche.com\/wp-content\/uploads\/2026\/03\/b2b-export-lead-generation-growth-case-1-300x164.png 300w, https:\/\/www.top3niche.com\/wp-content\/uploads\/2026\/03\/b2b-export-lead-generation-growth-case-1-768x419.png 768w, https:\/\/www.top3niche.com\/wp-content\/uploads\/2026\/03\/b2b-export-lead-generation-growth-case-1-710x388.png 710w, https:\/\/www.top3niche.com\/wp-content\/uploads\/2026\/03\/b2b-export-lead-generation-growth-case-1.png 1024w\" sizes=\"(max-width: 300px) 100vw, 300px\" \/><\/div>\n\t\t<\/a>\n\t\t\t\t<div class=\"elementor-post__text\">\n\t\t\t\t<h3 class=\"elementor-post__title\">\n\t\t\t<a href=\"https:\/\/www.top3niche.com\/fr\/etude-de-cas-sur-la-reussite-de-lexportation-de-produits-manufactures-dans-le-cadre-du-b2b\/\" >\n\t\t\t\tSucc\u00e8s \u00e0 l'exportation B2B : Comment un fabricant a obtenu des prospects de haute qualit\u00e9 par 300%\t\t\t<\/a>\n\t\t<\/h3>\n\t\t\n\t\t<a class=\"elementor-post__read-more\" href=\"https:\/\/www.top3niche.com\/fr\/etude-de-cas-sur-la-reussite-de-lexportation-de-produits-manufactures-dans-le-cadre-du-b2b\/\" aria-label=\"Read more about B2B Export Success: How a Manufacturer Grew High-Quality Leads by 300%\" tabindex=\"-1\" >\n\t\t\tLire plus \u00bb\t\t<\/a>\n\n\t\t\t\t<\/div>\n\t\t\t\t<\/article>\n\t\t\t\t<article class=\"elementor-post elementor-grid-item post-22094 post type-post status-publish format-standard has-post-thumbnail hentry category-industry-solutions\" role=\"listitem\">\n\t\t\t\t<a class=\"elementor-post__thumbnail__link\" href=\"https:\/\/www.top3niche.com\/fr\/strategie-dexportation-pour-les-marches-de-niche-b2b\/\" tabindex=\"-1\" >\n\t\t\t<div class=\"elementor-post__thumbnail\"><img loading=\"lazy\" decoding=\"async\" width=\"300\" height=\"164\" src=\"https:\/\/www.top3niche.com\/wp-content\/uploads\/2026\/03\/b2b-broad-market-vs-niche-market-300x164.png\" class=\"attachment-medium size-medium wp-image-22095\" alt=\"\" srcset=\"https:\/\/www.top3niche.com\/wp-content\/uploads\/2026\/03\/b2b-broad-market-vs-niche-market-300x164.png 300w, https:\/\/www.top3niche.com\/wp-content\/uploads\/2026\/03\/b2b-broad-market-vs-niche-market-768x419.png 768w, https:\/\/www.top3niche.com\/wp-content\/uploads\/2026\/03\/b2b-broad-market-vs-niche-market-710x388.png 710w, https:\/\/www.top3niche.com\/wp-content\/uploads\/2026\/03\/b2b-broad-market-vs-niche-market.png 1024w\" sizes=\"(max-width: 300px) 100vw, 300px\" \/><\/div>\n\t\t<\/a>\n\t\t\t\t<div class=\"elementor-post__text\">\n\t\t\t\t<h3 class=\"elementor-post__title\">\n\t\t\t<a href=\"https:\/\/www.top3niche.com\/fr\/strategie-dexportation-pour-les-marches-de-niche-b2b\/\" >\n\t\t\t\tLa strat\u00e9gie de niche B2B : Comment dominer les march\u00e9s mondiaux\t\t\t<\/a>\n\t\t<\/h3>\n\t\t\n\t\t<a class=\"elementor-post__read-more\" href=\"https:\/\/www.top3niche.com\/fr\/strategie-dexportation-pour-les-marches-de-niche-b2b\/\" aria-label=\"Read more about The B2B Niche Strategy: How to Dominate Global Markets\" tabindex=\"-1\" >\n\t\t\tLire plus \u00bb\t\t<\/a>\n\n\t\t\t\t<\/div>\n\t\t\t\t<\/article>\n\t\t\t\t<\/div>\n\t\t\n\t\t\t\t\t\t<\/div>\n\t\t\t\t<\/div>\n\t\t\t\t\t<\/div>\n\t\t\t\t<\/div>\n\t\t\t\t<\/div>","protected":false},"excerpt":{"rendered":"<p>\u884c\u4e1a\u6d1e\u5bdf\u4e0e \u5b9e\u6218\u6307\u5357 \u5206\u4eab\u6211\u4eec\u5728 B2B \u7ec6\u5206\u9886\u57df\u3001\u5185\u5bb9\u8425\u9500\u548c\u51fa\u6d77\u589e\u957f\u7684\u524d\u6cbf\u601d\u8003\u3002<\/p>","protected":false},"author":1,"featured_media":0,"parent":0,"menu_order":0,"comment_status":"closed","ping_status":"closed","template":"","meta":{"footnotes":""},"class_list":["post-21813","page","type-page","status-publish","hentry"],"_links":{"self":[{"href":"https:\/\/www.top3niche.com\/fr\/wp-json\/wp\/v2\/pages\/21813","targetHints":{"allow":["GET"]}}],"collection":[{"href":"https:\/\/www.top3niche.com\/fr\/wp-json\/wp\/v2\/pages"}],"about":[{"href":"https:\/\/www.top3niche.com\/fr\/wp-json\/wp\/v2\/types\/page"}],"author":[{"embeddable":true,"href":"https:\/\/www.top3niche.com\/fr\/wp-json\/wp\/v2\/users\/1"}],"replies":[{"embeddable":true,"href":"https:\/\/www.top3niche.com\/fr\/wp-json\/wp\/v2\/comments?post=21813"}],"version-history":[{"count":3,"href":"https:\/\/www.top3niche.com\/fr\/wp-json\/wp\/v2\/pages\/21813\/revisions"}],"predecessor-version":[{"id":22197,"href":"https:\/\/www.top3niche.com\/fr\/wp-json\/wp\/v2\/pages\/21813\/revisions\/22197"}],"wp:attachment":[{"href":"https:\/\/www.top3niche.com\/fr\/wp-json\/wp\/v2\/media?parent=21813"}],"curies":[{"name":"wp","href":"https:\/\/api.w.org\/{rel}","templated":true}]}}